{"id":26955,"date":"2026-01-20T05:06:40","date_gmt":"2026-01-20T05:06:40","guid":{"rendered":"https:\/\/printecdelnorte.com\/?post_type=product&#038;p=26955"},"modified":"2026-01-21T03:41:32","modified_gmt":"2026-01-21T03:41:32","slug":"lona-por-m2","status":"publish","type":"product","link":"https:\/\/printecdelnorte.com\/?product=lona-por-m2","title":{"rendered":"Lona por m2"},"content":{"rendered":"<p>ENVIANOS TU DISE\u00d1O CON EL SIGUIENTE FORMATO &#8211; JPG AL 100% de su tama\u00f1o con 300 ppp &#8211; PSD, AI, EPS, CDR o PDF editables con textos en curvas. &#8211; CMYK &#8211; Los dise\u00f1os y modificaciones que requieras tienen un costo adicional<\/p>\n","protected":false},"excerpt":{"rendered":"<ul class=\"ui-vpp-highlighted-specs__features-list\">\n<li class=\"ui-vpp-highlighted-specs__features-list-item ui-pdp-color--BLACK ui-pdp-size--XSMALL ui-pdp-family--REGULAR\">Unidades por pack: 1<\/li>\n<li class=\"ui-vpp-highlighted-specs__features-list-item ui-pdp-color--BLACK ui-pdp-size--XSMALL ui-pdp-family--REGULAR\">Largo: 1 m<\/li>\n<li class=\"ui-vpp-highlighted-specs__features-list-item ui-pdp-color--BLACK ui-pdp-size--XSMALL ui-pdp-family--REGULAR\">Ancho: 1 m<\/li>\n<\/ul>\n","protected":false},"featured_media":26956,"comment_status":"open","ping_status":"closed","template":"","meta":[],"product_brand":[],"product_cat":[90],"product_tag":[],"class_list":{"0":"post-26955","1":"product","2":"type-product","3":"status-publish","4":"has-post-thumbnail","6":"product_cat-lonas","8":"first","9":"instock","10":"sale","11":"shipping-taxable","12":"purchasable","13":"product-type-simple"},"_links":{"self":[{"href":"https:\/\/printecdelnorte.com\/index.php?rest_route=\/wp\/v2\/product\/26955","targetHints":{"allow":["GET"]}}],"collection":[{"href":"https:\/\/printecdelnorte.com\/index.php?rest_route=\/wp\/v2\/product"}],"about":[{"href":"https:\/\/printecdelnorte.com\/index.php?rest_route=\/wp\/v2\/types\/product"}],"replies":[{"embeddable":true,"href":"https:\/\/printecdelnorte.com\/index.php?rest_route=%2Fwp%2Fv2%2Fcomments&post=26955"}],"version-history":[{"count":1,"href":"https:\/\/printecdelnorte.com\/index.php?rest_route=\/wp\/v2\/product\/26955\/revisions"}],"predecessor-version":[{"id":26957,"href":"https:\/\/printecdelnorte.com\/index.php?rest_route=\/wp\/v2\/product\/26955\/revisions\/26957"}],"wp:featuredmedia":[{"embeddable":true,"href":"https:\/\/printecdelnorte.com\/index.php?rest_route=\/wp\/v2\/media\/26956"}],"wp:attachment":[{"href":"https:\/\/printecdelnorte.com\/index.php?rest_route=%2Fwp%2Fv2%2Fmedia&parent=26955"}],"wp:term":[{"taxonomy":"product_brand","embeddable":true,"href":"https:\/\/printecdelnorte.com\/index.php?rest_route=%2Fwp%2Fv2%2Fproduct_brand&post=26955"},{"taxonomy":"product_cat","embeddable":true,"href":"https:\/\/printecdelnorte.com\/index.php?rest_route=%2Fwp%2Fv2%2Fproduct_cat&post=26955"},{"taxonomy":"product_tag","embeddable":true,"href":"https:\/\/printecdelnorte.com\/index.php?rest_route=%2Fwp%2Fv2%2Fproduct_tag&post=26955"}],"curies":[{"name":"wp","href":"https:\/\/api.w.org\/{rel}","templated":true}]}}